{"id":2230,"date":"2023-08-14T19:35:27","date_gmt":"2023-08-14T19:35:27","guid":{"rendered":"https:\/\/www.colba.it\/?page_id=2230"},"modified":"2023-08-14T22:16:00","modified_gmt":"2023-08-14T22:16:00","slug":"palettes-ncs","status":"publish","type":"page","link":"https:\/\/www.colba.it\/index.php\/palettes-ncs\/","title":{"rendered":"palettes NCS"},"content":{"rendered":"<p>[et_pb_section fb_built=&#8221;1&#8243; disabled_on=&#8221;on|on|off&#8221; admin_label=&#8221;Section Desktop&#8221; _builder_version=&#8221;4.21.0&#8243; _module_preset=&#8221;default&#8221; custom_margin=&#8221;0px|0px|0px|0px|false|false&#8221; custom_padding=&#8221;0px|0px|0px|0px|false|false&#8221; global_colors_info=&#8221;{}&#8221;][et_pb_row column_structure=&#8221;3_4,1_4&#8243; use_custom_gutter=&#8221;on&#8221; gutter_width=&#8221;2&#8243; admin_label=&#8221;Cover&#8221; _builder_version=&#8221;4.21.0&#8243; _module_preset=&#8221;default&#8221; background_color=&#8221;RGBA(255,255,255,0)&#8221; width=&#8221;1200px&#8221; max_width=&#8221;1200px&#8221; custom_margin=&#8221;0px|auto|9px|auto|false|false&#8221; custom_padding=&#8221;0px|0px|0px|0px|false|false&#8221; global_colors_info=&#8221;{}&#8221;][et_pb_column type=&#8221;3_4&#8243; module_class=&#8221;cc-51-1&#8243; _builder_version=&#8221;4.21.0&#8243; _module_preset=&#8221;default&#8221; global_colors_info=&#8221;{}&#8221;][et_pb_image src=&#8221;https:\/\/www.colba.it\/wp-content\/uploads\/2023\/08\/ncs.jpg&#8221; title_text=&#8221;ncs&#8221; admin_label=&#8221;Colba a Bologna&#8221; _builder_version=&#8221;4.21.0&#8243; _module_preset=&#8221;default&#8221; custom_margin=&#8221;0px|0px|0px|0px|false|false&#8221; custom_padding=&#8221;0px|0px|0px|0px|false|false&#8221; global_colors_info=&#8221;{}&#8221;][\/et_pb_image][et_pb_image show_bottom_space=&#8221;off&#8221; admin_label=&#8221;Gelatina colorata&#8221; _builder_version=&#8221;4.21.0&#8243; _module_preset=&#8221;default&#8221; background_color=&#8221;rgba(102,102,102,0.56)&#8221; positioning=&#8221;absolute&#8221; width=&#8221;39.5%&#8221; max_width=&#8221;39.5%&#8221; custom_css_main_element=&#8221;height: 100%;&#8221; global_colors_info=&#8221;{}&#8221;][\/et_pb_image][et_pb_text admin_label=&#8221;Testo mini&#8221; _builder_version=&#8221;4.21.0&#8243; _module_preset=&#8221;default&#8221; text_font=&#8221;Roboto|500|||||||&#8221; text_text_color=&#8221;#FFFFFF&#8221; text_font_size=&#8221;11px&#8221; positioning=&#8221;absolute&#8221; vertical_offset=&#8221;17px&#8221; horizontal_offset=&#8221;60px&#8221; position_origin_a_last_edited=&#8221;off|desktop&#8221; position_origin_f_last_edited=&#8221;off|desktop&#8221; position_origin_r_last_edited=&#8221;off|desktop&#8221; width=&#8221;100%&#8221; text_font_last_edited=&#8221;off|desktop&#8221; positioning_last_edited=&#8221;off|desktop&#8221; global_colors_info=&#8221;{}&#8221;]<\/p>\n<p>colba way<\/p>\n<p>[\/et_pb_text][et_pb_text admin_label=&#8221;Testo big&#8221; _builder_version=&#8221;4.21.0&#8243; _module_preset=&#8221;default&#8221; text_font=&#8221;Roboto|500|||||||&#8221; text_text_color=&#8221;#FFFFFF&#8221; text_font_size=&#8221;11px&#8221; header_font=&#8221;Roboto|100|||||||&#8221; header_text_color=&#8221;#FFFFFF&#8221; header_font_size=&#8221;36px&#8221; positioning=&#8221;absolute&#8221; vertical_offset=&#8221;42px&#8221; horizontal_offset=&#8221;60px&#8221; position_origin_a_last_edited=&#8221;off|desktop&#8221; position_origin_f_last_edited=&#8221;off|desktop&#8221; position_origin_r_last_edited=&#8221;off|desktop&#8221; width=&#8221;100%&#8221; text_font_last_edited=&#8221;off|desktop&#8221; positioning_last_edited=&#8221;off|desktop&#8221; global_colors_info=&#8221;{}&#8221;]<\/p>\n<h1>colba bologna<br \/>entra in<br \/>NCS colour club<\/h1>\n<p>&nbsp;<\/p>\n<p>[\/et_pb_text][\/et_pb_column][et_pb_column type=&#8221;1_4&#8243; module_class=&#8221;cc-51-2&#8243; _builder_version=&#8221;4.21.0&#8243; _module_preset=&#8221;default&#8221; global_colors_info=&#8221;{}&#8221;][et_pb_image src=&#8221;https:\/\/www.colba.it\/wp-content\/uploads\/2023\/07\/boxMini_5Impegni.jpg&#8221; title_text=&#8221;boxMini_5Impegni&#8221; url=&#8221;@ET-DC@eyJkeW5hbWljIjp0cnVlLCJjb250ZW50IjoicG9zdF9saW5rX3VybF9wYWdlIiwic2V0dGluZ3MiOnsicG9zdF9pZCI6IjEwNDUifX0=@&#8221; show_bottom_space=&#8221;off&#8221; admin_label=&#8221;5 Impegni&#8221; _builder_version=&#8221;4.21.0&#8243; _dynamic_attributes=&#8221;url&#8221; _module_preset=&#8221;default&#8221; positioning=&#8221;absolute&#8221; position_origin_a=&#8221;top_right&#8221; width=&#8221;100%&#8221; custom_margin=&#8221;0px|0px|9px|0px|false|false&#8221; custom_padding=&#8221;0px|0px|0px|0px|false|false&#8221; global_colors_info=&#8221;{}&#8221;][\/et_pb_image][et_pb_image src=&#8221;https:\/\/www.colba.it\/wp-content\/uploads\/2023\/07\/boxMini_SistemaTrasparente.jpg&#8221; title_text=&#8221;boxMini_SistemaTrasparente&#8221; url=&#8221;@ET-DC@eyJkeW5hbWljIjp0cnVlLCJjb250ZW50IjoicG9zdF9saW5rX3VybF9wYWdlIiwic2V0dGluZ3MiOnsicG9zdF9pZCI6IjEwNTUifX0=@&#8221; show_bottom_space=&#8221;off&#8221; admin_label=&#8221;Sistema trasparente&#8221; _builder_version=&#8221;4.21.0&#8243; _dynamic_attributes=&#8221;url&#8221; _module_preset=&#8221;default&#8221; positioning=&#8221;absolute&#8221; vertical_offset=&#8221;201px&#8221; width=&#8221;100%&#8221; custom_margin=&#8221;0px|0px|9px|0px|false|false&#8221; custom_padding=&#8221;0px|0px|0px|0px|false|false&#8221; global_colors_info=&#8221;{}&#8221;][\/et_pb_image][et_pb_image src=&#8221;https:\/\/www.colba.it\/wp-content\/uploads\/2023\/08\/boxMini_MarchiPartners.jpg&#8221; title_text=&#8221;boxMini_MarchiPartners&#8221; url=&#8221;@ET-DC@eyJkeW5hbWljIjp0cnVlLCJjb250ZW50IjoicG9zdF9saW5rX3VybF9wYWdlIiwic2V0dGluZ3MiOnsicG9zdF9pZCI6IjIyMzAifX0=@&#8221; show_bottom_space=&#8221;off&#8221; admin_label=&#8221;Sistema trasparente&#8221; _builder_version=&#8221;4.21.0&#8243; _dynamic_attributes=&#8221;url&#8221; _module_preset=&#8221;default&#8221; positioning=&#8221;absolute&#8221; vertical_offset=&#8221;402px&#8221; width=&#8221;100%&#8221; custom_margin=&#8221;0px|0px|9px|0px|false|false&#8221; custom_padding=&#8221;0px|0px|0px|0px|false|false&#8221; global_colors_info=&#8221;{}&#8221;][\/et_pb_image][et_pb_image src=&#8221;https:\/\/www.colba.it\/wp-content\/uploads\/2023\/07\/boxMini_ColbaStudio.jpg&#8221; title_text=&#8221;boxMini_ColbaStudio&#8221; url=&#8221;@ET-DC@eyJkeW5hbWljIjp0cnVlLCJjb250ZW50IjoicG9zdF9saW5rX3VybF9wYWdlIiwic2V0dGluZ3MiOnsicG9zdF9pZCI6IjE2NDEifX0=@&#8221; show_bottom_space=&#8221;off&#8221; admin_label=&#8221;Sistema trasparente&#8221; _builder_version=&#8221;4.21.0&#8243; _dynamic_attributes=&#8221;url&#8221; _module_preset=&#8221;default&#8221; positioning=&#8221;absolute&#8221; vertical_offset=&#8221;602px&#8221; width=&#8221;100%&#8221; custom_margin=&#8221;0px|0px|9px|0px|false|false&#8221; custom_padding=&#8221;0px|0px|0px|0px|false|false&#8221; global_colors_info=&#8221;{}&#8221;][\/et_pb_image][\/et_pb_column][\/et_pb_row][et_pb_row column_structure=&#8221;1_5,3_5,1_5&#8243; use_custom_gutter=&#8221;on&#8221; gutter_width=&#8221;1&#8243; admin_label=&#8221;Blocco testo 1&#8243; _builder_version=&#8221;4.21.0&#8243; _module_preset=&#8221;default&#8221; width=&#8221;100%&#8221; max_width=&#8221;1200px&#8221; custom_margin=&#8221;0px||27px||false|false&#8221; custom_padding=&#8221;0px|0px|0px|0px|false|false&#8221; global_colors_info=&#8221;{}&#8221;][et_pb_column type=&#8221;1_5&#8243; module_class=&#8221;cc-231-1&#8243; _builder_version=&#8221;4.21.0&#8243; _module_preset=&#8221;default&#8221; border_color_all=&#8221;#efbd6f&#8221; border_color_top=&#8221;#d397bb&#8221; global_colors_info=&#8221;{}&#8221;][et_pb_image src=&#8221;https:\/\/www.colba.it\/wp-content\/uploads\/2023\/08\/ncsColorClub.png&#8221; title_text=&#8221;ncsColorClub&#8221; show_bottom_space=&#8221;off&#8221; force_fullwidth=&#8221;on&#8221; admin_label=&#8221;Image&#8221; _builder_version=&#8221;4.21.0&#8243; _module_preset=&#8221;default&#8221; custom_margin=&#8221;0px|0px|9px|0px|false|false&#8221; custom_padding=&#8221;0px|0px|0px|0px|false|false&#8221; global_colors_info=&#8221;{}&#8221;][\/et_pb_image][et_pb_image src=&#8221;https:\/\/www.colba.it\/wp-content\/uploads\/2023\/08\/ncsLogo.png&#8221; title_text=&#8221;ncsLogo&#8221; force_fullwidth=&#8221;on&#8221; admin_label=&#8221;Image&#8221; _builder_version=&#8221;4.21.0&#8243; _module_preset=&#8221;default&#8221; custom_margin=&#8221;0px|0px|0px|0px|false|false&#8221; custom_padding=&#8221;0px|0px|0px|0px|false|false&#8221; global_colors_info=&#8221;{}&#8221;][\/et_pb_image][\/et_pb_column][et_pb_column type=&#8221;3_5&#8243; module_class=&#8221;cc-231-2&#8243; _builder_version=&#8221;4.21.0&#8243; _module_preset=&#8221;default&#8221; border_color_all=&#8221;#efbd6f&#8221; border_color_top=&#8221;#d397bb&#8221; global_colors_info=&#8221;{}&#8221;][et_pb_text admin_label=&#8221;Testo&#8221; _builder_version=&#8221;4.21.0&#8243; _module_preset=&#8221;default&#8221; text_font=&#8221;Roboto|300|||||||&#8221; text_line_height=&#8221;17px&#8221; vertical_offset=&#8221;24px&#8221; width=&#8221;100%&#8221; custom_padding=&#8221;14px|10px||20px|false|false&#8221; custom_css_main_element=&#8221;hyphens: auto;&#8221; global_colors_info=&#8221;{}&#8221;]<\/p>\n<p><strong>Colba Bologna arricchisce gli strumenti a disposizione della clientela e dei professionisti entrando nell\u2019NCS Colour Club, il selezionato gruppo di aziende hanno i requisiti per fornire la completa palette di colori definiti attraverso lo standard NCS.\u00a0<\/strong><\/p>\n<p>Lo standard colore NCS si \u00e8 affermato come il sistema pi\u00f9 accurato per definire, riconoscere e risprodurre esattamente i colori in numerosi settori industriali, ma ovviamente soprattutto in quello delle vernici.<br \/>Si basa sul modo in cui percepiamo i colori, e non sulla loro mescolanza fisica o sulla loro origine. Il sistema NCS utilizza sei colori elementari, che sono bianco, nero, rosso, giallo, verde e blu. Questi colori non possono essere associati a livello percettivo ad alcun altro colore, e sono usati come riferimento per definire tutti gli altri colori possibili. Ogni colore NCS ha una notazione che indica il suo grado di somiglianza con i colori elementari, in termini di oscurit\u00e0, cromaticit\u00e0 e tonalit\u00e0.<\/p>\n<p>Per esempio, il giallo e il blu della bandiera svedese hanno le seguenti notazioni NCS: Giallo &#8211; NCS S 0580-Y10R (nuance = 5% oscurit\u00e0, 80% cromaticit\u00e0, tonalit\u00e0 = 90% giallo + 10% rosso, forte giallo leggermente nerastro con una leggera tonalit\u00e0 arancione) Blu &#8211; NCS 4055-R95B (nuance = 40% oscurit\u00e0, 55% cromaticit\u00e0, tonalit\u00e0 = 5% rosso + 95% blu. Blu abbastanza scuro e medio forte con una leggerissima tonalit\u00e0 violacea)<\/p>\n<p><strong>Il sistema NCS \u00e8 stato sviluppato dallo Swedish Color Center Foundation a partire dal 1964, ed \u00e8 oggi riconosciuto come uno dei principali standard di riferimento per i professionisti del colore in tutto il mondo.<\/strong> Il sistema NCS \u00e8 stato adottato come standard nazionale in Svezia, Norvegia, Spagna e Sudafrica, ed \u00e8 anche utilizzato dall\u2019International Color Authority per le previsioni di tendenza del colore per i mercati di arredamento e tessile.<\/p>\n<p>[\/et_pb_text][et_pb_image src=&#8221;https:\/\/www.colba.it\/wp-content\/uploads\/2023\/08\/ncsColorClub.png&#8221; title_text=&#8221;ncsColorClub&#8221; show_bottom_space=&#8221;off&#8221; force_fullwidth=&#8221;on&#8221; admin_label=&#8221;Image&#8221; _builder_version=&#8221;4.21.0&#8243; _module_preset=&#8221;default&#8221; custom_margin=&#8221;25px|0px|0px|0px|false|false&#8221; custom_padding=&#8221;0px|10px|0px|10px|false|false&#8221; global_colors_info=&#8221;{}&#8221;][\/et_pb_image][\/et_pb_column][et_pb_column type=&#8221;1_5&#8243; module_class=&#8221;cc-231-3&#8243; _builder_version=&#8221;4.21.0&#8243; _module_preset=&#8221;default&#8221; global_colors_info=&#8221;{}&#8221;][\/et_pb_column][\/et_pb_row][\/et_pb_section][et_pb_section fb_built=&#8221;1&#8243; disabled_on=&#8221;off|off|on&#8221; admin_label=&#8221;Section Mobile&#8221; _builder_version=&#8221;4.21.0&#8243; _module_preset=&#8221;default&#8221; custom_margin=&#8221;0px|0px|0px|0px|false|false&#8221; custom_padding=&#8221;0px|0px|0px|0px|false|false&#8221; global_colors_info=&#8221;{}&#8221;][et_pb_row use_custom_gutter=&#8221;on&#8221; gutter_width=&#8221;2&#8243; disabled_on=&#8221;off|off|off&#8221; admin_label=&#8221;Cover&#8221; _builder_version=&#8221;4.21.0&#8243; _module_preset=&#8221;default&#8221; background_color=&#8221;RGBA(255,255,255,0)&#8221; width=&#8221;100%&#8221; custom_margin=&#8221;0px|auto|0px|auto|false|false&#8221; custom_padding=&#8221;0px|0px|0px|0px|false|false&#8221; global_colors_info=&#8221;{}&#8221;][et_pb_column type=&#8221;4_4&#8243; module_class=&#8221;cc-51-1&#8243; _builder_version=&#8221;4.21.0&#8243; _module_preset=&#8221;default&#8221; global_colors_info=&#8221;{}&#8221;][et_pb_image src=&#8221;https:\/\/www.colba.it\/wp-content\/uploads\/2023\/07\/cicloCover_01.jpg&#8221; title_text=&#8221;boxBig_ncs&#8221; force_fullwidth=&#8221;on&#8221; src_tablet=&#8221;https:\/\/www.colba.it\/wp-content\/uploads\/2023\/08\/ncs.jpg&#8221; src_phone=&#8221;https:\/\/www.colba.it\/wp-content\/uploads\/2023\/08\/boxBig_ncs.jpg&#8221; src_last_edited=&#8221;on|phone&#8221; admin_label=&#8221;Cover&#8221; _builder_version=&#8221;4.21.0&#8243; _module_preset=&#8221;default&#8221; width_tablet=&#8221;&#8221; width_phone=&#8221;&#8221; width_last_edited=&#8221;on|phone&#8221; custom_margin=&#8221;0px|0px|0px|0px|false|false&#8221; custom_padding=&#8221;0px|0px|0px|0px|false|false&#8221; global_colors_info=&#8221;{}&#8221;][\/et_pb_image][et_pb_code disabled_on=&#8221;on|off|off&#8221; admin_label=&#8221;Gelatina Colorata&#8221; _builder_version=&#8221;4.21.0&#8243; _module_preset=&#8221;default&#8221; background_color=&#8221;rgba(102,102,102,0.56)&#8221; positioning=&#8221;absolute&#8221; width=&#8221;50%&#8221; width_tablet=&#8221;100%&#8221; width_phone=&#8221;100%&#8221; width_last_edited=&#8221;on|tablet&#8221; max_width=&#8221;40%&#8221; height=&#8221;100%&#8221; global_colors_info=&#8221;{}&#8221;][\/et_pb_code][et_pb_text disabled_on=&#8221;on|off|off&#8221; admin_label=&#8221;Testo mini&#8221; _builder_version=&#8221;4.21.0&#8243; _module_preset=&#8221;default&#8221; text_font=&#8221;Roboto|500|||||||&#8221; text_text_color=&#8221;#FFFFFF&#8221; text_font_size=&#8221;11px&#8221; positioning=&#8221;absolute&#8221; vertical_offset=&#8221;17px&#8221; horizontal_offset=&#8221;60px&#8221; position_origin_a_last_edited=&#8221;off|desktop&#8221; position_origin_f_last_edited=&#8221;off|desktop&#8221; position_origin_r_last_edited=&#8221;off|desktop&#8221; width=&#8221;100%&#8221; text_font_last_edited=&#8221;off|desktop&#8221; positioning_last_edited=&#8221;off|desktop&#8221; global_colors_info=&#8221;{}&#8221;]<\/p>\n<p>colba way<\/p>\n<p>[\/et_pb_text][et_pb_text disabled_on=&#8221;on|off|off&#8221; admin_label=&#8221;Testo big&#8221; _builder_version=&#8221;4.21.0&#8243; _module_preset=&#8221;default&#8221; text_font=&#8221;Roboto|500|||||||&#8221; text_text_color=&#8221;#FFFFFF&#8221; text_font_size=&#8221;11px&#8221; header_font=&#8221;Roboto|100|||||||&#8221; header_text_color=&#8221;#FFFFFF&#8221; header_font_size=&#8221;36px&#8221; positioning=&#8221;absolute&#8221; vertical_offset=&#8221;42px&#8221; horizontal_offset=&#8221;60px&#8221; position_origin_a_last_edited=&#8221;off|desktop&#8221; position_origin_f_last_edited=&#8221;off|desktop&#8221; position_origin_r_last_edited=&#8221;off|desktop&#8221; width=&#8221;100%&#8221; text_font_last_edited=&#8221;off|desktop&#8221; positioning_last_edited=&#8221;off|desktop&#8221; global_colors_info=&#8221;{}&#8221;]<\/p>\n<h1>colba bologna<br \/>entra in<br \/>NCS colour club<\/h1>\n<p>[\/et_pb_text][\/et_pb_column][\/et_pb_row][et_pb_row use_custom_gutter=&#8221;on&#8221; gutter_width=&#8221;1&#8243; disabled_on=&#8221;off|off|off&#8221; admin_label=&#8221;Corpo&#8221; _builder_version=&#8221;4.21.0&#8243; _module_preset=&#8221;default&#8221; positioning=&#8221;none&#8221; width=&#8221;100%&#8221; max_width=&#8221;1200px&#8221; custom_margin=&#8221;0px||0px||false|false&#8221; custom_margin_tablet=&#8221;0px||0px||false|false&#8221; custom_margin_phone=&#8221;0px||0px||false|false&#8221; custom_margin_last_edited=&#8221;on|phone&#8221; custom_padding=&#8221;0px|0px|0px|0px|false|false&#8221; global_colors_info=&#8221;{}&#8221;][et_pb_column type=&#8221;4_4&#8243; module_class=&#8221;cc-231-1&#8243; _builder_version=&#8221;4.21.0&#8243; _module_preset=&#8221;default&#8221; border_color_all=&#8221;#efbd6f&#8221; border_width_top=&#8221;9px&#8221; border_color_top=&#8221;#ef8986&#8243; border_width_all_tablet=&#8221;&#8221; border_width_all_phone=&#8221;&#8221; border_width_all_last_edited=&#8221;on|desktop&#8221; border_width_top_tablet=&#8221;0px&#8221; border_width_top_phone=&#8221;0px&#8221; border_width_top_last_edited=&#8221;on|tablet&#8221; global_colors_info=&#8221;{}&#8221;][et_pb_text admin_label=&#8221;Testo&#8221; _builder_version=&#8221;4.21.0&#8243; _module_preset=&#8221;default&#8221; text_font=&#8221;Roboto|300|||||||&#8221; text_line_height=&#8221;17px&#8221; vertical_offset=&#8221;24px&#8221; width=&#8221;100%&#8221; custom_padding=&#8221;14px|20px|27px|20px|false|false&#8221; custom_css_main_element=&#8221;hyphens: auto;&#8221; global_colors_info=&#8221;{}&#8221;]<\/p>\n<p><strong>Colba Bologna arricchisce gli strumenti a disposizione della clientela e dei professionisti entrando nell\u2019NCS Colour Club, il selezionato gruppo di aziende hanno i requisiti per fornire la completa palette di colori definiti attraverso lo standard NCS.\u00a0<\/strong><\/p>\n<p>Lo standard colore NCS si \u00e8 affermato come il sistema pi\u00f9 accurato per definire, riconoscere e risprodurre esattamente i colori in numerosi settori industriali, ma ovviamente soprattutto in quello delle vernici.<br \/>Si basa sul modo in cui percepiamo i colori, e non sulla loro mescolanza fisica o sulla loro origine. Il sistema NCS utilizza sei colori elementari, che sono bianco, nero, rosso, giallo, verde e blu. Questi colori non possono essere associati a livello percettivo ad alcun altro colore, e sono usati come riferimento per definire tutti gli altri colori possibili. Ogni colore NCS ha una notazione che indica il suo grado di somiglianza con i colori elementari, in termini di oscurit\u00e0, cromaticit\u00e0 e tonalit\u00e0.<\/p>\n<p>Per esempio, il giallo e il blu della bandiera svedese hanno le seguenti notazioni NCS: Giallo &#8211; NCS S 0580-Y10R (nuance = 5% oscurit\u00e0, 80% cromaticit\u00e0, tonalit\u00e0 = 90% giallo + 10% rosso, forte giallo leggermente nerastro con una leggera tonalit\u00e0 arancione) Blu &#8211; NCS 4055-R95B (nuance = 40% oscurit\u00e0, 55% cromaticit\u00e0, tonalit\u00e0 = 5% rosso + 95% blu. Blu abbastanza scuro e medio forte con una leggerissima tonalit\u00e0 violacea)<\/p>\n<p><strong>Il sistema NCS \u00e8 stato sviluppato dallo Swedish Color Center Foundation a partire dal 1964, ed \u00e8 oggi riconosciuto come uno dei principali standard di riferimento per i professionisti del colore in tutto il mondo.<\/strong> Il sistema NCS \u00e8 stato adottato come standard nazionale in Svezia, Norvegia, Spagna e Sudafrica, ed \u00e8 anche utilizzato dall\u2019International Color Authority per le previsioni di tendenza del colore per i mercati di arredamento e tessile.<\/p>\n<p>[\/et_pb_text][et_pb_image src=&#8221;https:\/\/www.colba.it\/wp-content\/uploads\/2023\/08\/composit.jpg&#8221; title_text=&#8221;composit&#8221; show_bottom_space=&#8221;off&#8221; force_fullwidth=&#8221;on&#8221; src_tablet=&#8221;https:\/\/www.colba.it\/wp-content\/uploads\/2023\/08\/composit.jpg&#8221; src_phone=&#8221;https:\/\/www.colba.it\/wp-content\/uploads\/2023\/08\/composit.jpg&#8221; src_last_edited=&#8221;on|tablet&#8221; disabled_on=&#8221;on|off|on&#8221; _builder_version=&#8221;4.21.0&#8243; _module_preset=&#8221;default&#8221; global_colors_info=&#8221;{}&#8221;][\/et_pb_image][et_pb_image src=&#8221;https:\/\/www.colba.it\/wp-content\/uploads\/2023\/08\/ncsColorClub.png&#8221; title_text=&#8221;ncsColorClub&#8221; show_bottom_space=&#8221;off&#8221; force_fullwidth=&#8221;on&#8221; disabled_on=&#8221;off|on|on&#8221; _builder_version=&#8221;4.21.0&#8243; _module_preset=&#8221;default&#8221; custom_margin=&#8221;||9px||false|false&#8221; global_colors_info=&#8221;{}&#8221;][\/et_pb_image][et_pb_image src=&#8221;https:\/\/www.colba.it\/wp-content\/uploads\/2023\/08\/ncsLogo.png&#8221; title_text=&#8221;ncsLogo&#8221; show_bottom_space=&#8221;off&#8221; force_fullwidth=&#8221;on&#8221; disabled_on=&#8221;off|on|on&#8221; _builder_version=&#8221;4.21.0&#8243; _module_preset=&#8221;default&#8221; custom_margin=&#8221;0px|0px|9px|0px|false|false&#8221; custom_padding=&#8221;0px|0px|0px|0px|false|false&#8221; global_colors_info=&#8221;{}&#8221;][\/et_pb_image][et_pb_image src=&#8221;https:\/\/www.colba.it\/wp-content\/uploads\/2023\/08\/palette.jpg&#8221; title_text=&#8221;palette&#8221; show_bottom_space=&#8221;off&#8221; force_fullwidth=&#8221;on&#8221; disabled_on=&#8221;off|on|on&#8221; _builder_version=&#8221;4.21.0&#8243; _module_preset=&#8221;default&#8221; global_colors_info=&#8221;{}&#8221;][\/et_pb_image][\/et_pb_column][\/et_pb_row][\/et_pb_section]<\/p>\n","protected":false},"excerpt":{"rendered":"<p>colba waycolba bolognaentra inNCS colour club &nbsp;Colba Bologna arricchisce gli strumenti a disposizione della clientela e dei professionisti entrando nell\u2019NCS Colour Club, il selezionato gruppo di aziende hanno i requisiti per fornire la completa palette di colori definiti attraverso lo standard NCS.\u00a0 Lo standard colore NCS si \u00e8 affermato come il sistema pi\u00f9 accurato per [&hellip;]<\/p>\n","protected":false},"author":1,"featured_media":0,"parent":0,"menu_order":0,"comment_status":"closed","ping_status":"closed","template":"","meta":{"_et_pb_use_builder":"on","_et_pb_old_content":"","_et_gb_content_width":"","footnotes":""},"class_list":["post-2230","page","type-page","status-publish","hentry"],"_links":{"self":[{"href":"https:\/\/www.colba.it\/index.php\/wp-json\/wp\/v2\/pages\/2230","targetHints":{"allow":["GET"]}}],"collection":[{"href":"https:\/\/www.colba.it\/index.php\/wp-json\/wp\/v2\/pages"}],"about":[{"href":"https:\/\/www.colba.it\/index.php\/wp-json\/wp\/v2\/types\/page"}],"author":[{"embeddable":true,"href":"https:\/\/www.colba.it\/index.php\/wp-json\/wp\/v2\/users\/1"}],"replies":[{"embeddable":true,"href":"https:\/\/www.colba.it\/index.php\/wp-json\/wp\/v2\/comments?post=2230"}],"version-history":[{"count":7,"href":"https:\/\/www.colba.it\/index.php\/wp-json\/wp\/v2\/pages\/2230\/revisions"}],"predecessor-version":[{"id":2248,"href":"https:\/\/www.colba.it\/index.php\/wp-json\/wp\/v2\/pages\/2230\/revisions\/2248"}],"wp:attachment":[{"href":"https:\/\/www.colba.it\/index.php\/wp-json\/wp\/v2\/media?parent=2230"}],"curies":[{"name":"wp","href":"https:\/\/api.w.org\/{rel}","templated":true}]}}