{"id":2264,"date":"2023-08-14T20:36:25","date_gmt":"2023-08-14T20:36:25","guid":{"rendered":"https:\/\/www.colba.it\/?page_id=2264"},"modified":"2023-08-14T20:36:29","modified_gmt":"2023-08-14T20:36:29","slug":"privacy-e-dati-personali","status":"publish","type":"page","link":"https:\/\/www.colba.it\/index.php\/privacy-e-dati-personali\/","title":{"rendered":"privacy e dati personali"},"content":{"rendered":"<p>[et_pb_section fb_built=&#8221;1&#8243; disabled_on=&#8221;off|off|off&#8221; admin_label=&#8221;Section Desktop&#8221; _builder_version=&#8221;4.21.0&#8243; _module_preset=&#8221;default&#8221; custom_margin=&#8221;0px|0px|0px|0px|false|false&#8221; custom_padding=&#8221;0px|0px|0px|0px|false|false&#8221; global_colors_info=&#8221;{}&#8221;][et_pb_row column_structure=&#8221;1_5,3_5,1_5&#8243; use_custom_gutter=&#8221;on&#8221; gutter_width=&#8221;1&#8243; admin_label=&#8221;Blocco testo 1&#8243; _builder_version=&#8221;4.21.0&#8243; _module_preset=&#8221;default&#8221; width=&#8221;100%&#8221; max_width=&#8221;1200px&#8221; custom_margin=&#8221;0px||27px||false|false&#8221; custom_padding=&#8221;0px|0px|0px|0px|false|false&#8221; global_colors_info=&#8221;{}&#8221;][et_pb_column type=&#8221;1_5&#8243; module_class=&#8221;cc-231-1&#8243; _builder_version=&#8221;4.21.0&#8243; _module_preset=&#8221;default&#8221; border_color_all=&#8221;#efbd6f&#8221; border_color_top=&#8221;#d397bb&#8221; global_colors_info=&#8221;{}&#8221;][et_pb_code disabled_on=&#8221;off|off|off&#8221; admin_label=&#8221;Gelatina Colorata&#8221; _builder_version=&#8221;4.21.0&#8243; _module_preset=&#8221;default&#8221; background_color=&#8221;rgba(121,121,121,0.56)&#8221; width=&#8221;100%&#8221; width_tablet=&#8221;100%&#8221; width_phone=&#8221;100%&#8221; width_last_edited=&#8221;on|tablet&#8221; max_width=&#8221;100%&#8221; height=&#8221;394px&#8221; height_tablet=&#8221;200px&#8221; height_phone=&#8221;200px&#8221; height_last_edited=&#8221;on|tablet&#8221; global_colors_info=&#8221;{}&#8221;][\/et_pb_code][et_pb_text disabled_on=&#8221;off|off|off&#8221; admin_label=&#8221;Testo mini&#8221; _builder_version=&#8221;4.21.0&#8243; _module_preset=&#8221;default&#8221; text_font=&#8221;Roboto|500|||||||&#8221; text_text_color=&#8221;#FFFFFF&#8221; text_font_size=&#8221;11px&#8221; positioning=&#8221;absolute&#8221; vertical_offset=&#8221;17px&#8221; horizontal_offset=&#8221;60px&#8221; position_origin_a_last_edited=&#8221;off|desktop&#8221; position_origin_f_last_edited=&#8221;off|desktop&#8221; position_origin_r_last_edited=&#8221;off|desktop&#8221; width=&#8221;100%&#8221; text_font_last_edited=&#8221;off|desktop&#8221; positioning_last_edited=&#8221;off|desktop&#8221; global_colors_info=&#8221;{}&#8221;]<\/p>\n<p>colba way<\/p>\n<p>[\/et_pb_text][et_pb_text disabled_on=&#8221;off|off|off&#8221; admin_label=&#8221;Testo big&#8221; _builder_version=&#8221;4.21.0&#8243; _module_preset=&#8221;default&#8221; text_font=&#8221;Roboto|500|||||||&#8221; text_text_color=&#8221;#FFFFFF&#8221; text_font_size=&#8221;11px&#8221; header_font=&#8221;Roboto|100|||||||&#8221; header_text_color=&#8221;#FFFFFF&#8221; header_font_size=&#8221;36px&#8221; positioning=&#8221;absolute&#8221; vertical_offset=&#8221;42px&#8221; horizontal_offset=&#8221;60px&#8221; position_origin_a_last_edited=&#8221;off|desktop&#8221; position_origin_f_last_edited=&#8221;off|desktop&#8221; position_origin_r_last_edited=&#8221;off|desktop&#8221; width=&#8221;100%&#8221; hover_enabled=&#8221;0&#8243; text_font_last_edited=&#8221;off|desktop&#8221; positioning_last_edited=&#8221;off|desktop&#8221; global_colors_info=&#8221;{}&#8221; sticky_enabled=&#8221;0&#8243;]<\/p>\n<h1>privacy<br \/>e dati personali<\/h1>\n<p>[\/et_pb_text][\/et_pb_column][et_pb_column type=&#8221;3_5&#8243; module_class=&#8221;cc-231-2&#8243; _builder_version=&#8221;4.21.0&#8243; _module_preset=&#8221;default&#8221; border_color_all=&#8221;#efbd6f&#8221; border_color_top=&#8221;#d397bb&#8221; global_colors_info=&#8221;{}&#8221;][et_pb_text admin_label=&#8221;Testo&#8221; _builder_version=&#8221;4.21.0&#8243; _module_preset=&#8221;default&#8221; text_font=&#8221;Roboto|300|||||||&#8221; text_line_height=&#8221;17px&#8221; vertical_offset=&#8221;24px&#8221; width=&#8221;100%&#8221; custom_margin=&#8221;0px|0px|0px|0px|false|false&#8221; custom_margin_tablet=&#8221;0px|0px|0px|0px|false|false&#8221; custom_margin_phone=&#8221;0px|0px|0px|0px|false|false&#8221; custom_margin_last_edited=&#8221;on|desktop&#8221; custom_padding=&#8221;14px|20px||20px|false|false&#8221; hover_enabled=&#8221;0&#8243; custom_css_main_element=&#8221;hyphens: auto;&#8221; global_colors_info=&#8221;{}&#8221; sticky_enabled=&#8221;0&#8243;]<\/p>\n<p><strong>INFORMATIVA SUL TRATTAMENTO DEI DATI PERSONALI<\/strong><\/p>\n<p>Gentile Utente,<\/p>\n<p>la presente informativa viene resa ai sensi dell\u2019art. 13 del Regolamento Europeo 2016\/679 in materia di protezione dei dati personali, tenendo conto della Raccomandazione n. 2\/2001 adottata il 17 Maggio 2001, agli utenti che accedono al sito web http:\/\/www.colba.it\/ ed \u00e8 relativa a tutti i dati personali che il Titolare raccoglie e detiene sui propri utenti.<br \/>L\u2019informativa \u00e8 resa per il sito internet e non anche per altri siti web e\/o applicazioni eventualmente consultati dall\u2019utente tramite link a pagine esterne di terzi.<\/p>\n<p><strong>TITOLARE DEL TRATTAMENTO<\/strong><\/p>\n<p>Il titolare del trattamento \u00e8 la societ\u00e0 Colba Mq s.r.l P.IVA \/ C.F. 03905291203, Telefono: (+39) 051 780160, Email: amministrazione@colba.it<br \/>Per ricevere ulteriori informazioni puoi contattare il Titolare in qualsiasi momento ai recapiti indicati.<\/p>\n<p><strong>DATI RACCOLTI<\/strong><\/p>\n<p>I dati personali possono essere forniti direttamente dall\u2019interessato o, nel caso di dati di utilizzo, raccolti automaticamente durante l\u2019accesso e la navigazione al sito web. L\u2019utente assume ogni responsabilit\u00e0 in ordine alla correttezza e alla veridicit\u00e0 dei dati forniti e garantisce di avere, nel caso, il diritto di comunicare dati personali di terzi, liberando il Titolare da qualsiasi responsabilit\u00e0.<br \/>L\u2019utilizzo di Cookie \u2013 o di altri strumenti di tracciamento \u2013 da parte del Titolare o dei terzi titolari dei servizi utilizzati, \u00e8 volto all\u2019assolvimento delle finalit\u00e0 descritte nel presente documento e nella Cookie Policy.<\/p>\n<p><strong>DETTAGLI SUL TRATTAMENTO DEI DATI PERSONALI<\/strong><\/p>\n<p><strong>Gestione delle richieste di informazioni, assistenza o contatto<\/strong><br \/>L\u2019invio facoltativo, esplicito e volontario di messaggi agli indirizzi di contatto del Titolare anche mediante la compilazione del form presente alla sezione \u201cContatti\u201d comporta l\u2019acquisizione dei dati di contatto del mittente (nome, cognome, indirizzo email e testo del messaggio) necessari a rispondere, nonch\u00e9 di tutti i dati personali inclusi nelle comunicazioni.<\/p>\n<p>La finalit\u00e0 del trattamento per tali categorie di dati \u00e8 la gestione delle richieste di supporto e di qualsiasi altra richiesta di informazioni pervenuta al Titolare, anche attraverso i recapiti resi disponibili attraverso il sito web.<\/p>\n<p>La base giuridica del trattamento \u00e8 l\u2019esecuzione di un contratto di cui l\u2019interessato \u00e8 parte o all\u2019esecuzione di misure precontrattuali adottate su richiesta dello stesso. Il conferimento dei dati personali per la finalit\u00e0 sopra indicata \u00e8 facoltativo, ma in difetto non sar\u00e0 possibile procedere con la gestione della richiesta di informazioni o supporto e, dunque, darvi riscontro.<\/p>\n<p><strong>Informazioni statistiche e controllo sul funzionamento dei servizi<\/strong><br \/>Attraverso la navigazione sul sito web il Titolare raccoglie automaticamente alcuni dati, c.d dati di navigazione. I sistemi informatici e le procedure software preposte al funzionamento di questo sito web acquisiscono, nel corso del loro normale esercizio, alcuni dati personali la cui trasmissione \u00e8 implicita nell\u2019uso dei protocolli di comunicazione di Internet. Si tratta di informazioni che non sono raccolte per essere associate a interessati identificati, ma che per loro stessa natura potrebbero, attraverso elaborazioni ed associazioni con dati detenuti da terzi o dal titolare del trattamento, permettere di identificare gli utenti. In questa categoria di dati rientrano gli indirizzi IP o i nomi a dominio dei computer utilizzati dagli utenti che si connettono al sito, gli indirizzi in notazione URI delle risorse richieste, l\u2019orario della richiesta, il metodo utilizzato nel sottoporre la richiesta al server, il codice numerico indicante lo stato della risposta data dal server (buon fine, errore, ecc.) ed altri parametri relativi al sistema operativo e all\u2019ambiente informatico dell\u2019utente.<\/p>\n<p>Le finalit\u00e0 del trattamento per tali categorie di dati, assolta anche attraverso i cookie tecnici, sono la raccolta di informazioni statistiche aggregate sull\u2019uso dei servizi (pagine pi\u00f9 visitate, numero di visitatori per fascia oraria o giornaliera, aree geografiche di provenienza, ecc.) e il controllo del corretto funzionamento del sito web e dei servizi disponibili. Ulteriori e pi\u00f9 specifiche informazioni sono rinvenibili nella Cookie Policy.<\/p>\n<p>Taluni dati raccolti automaticamente, mediante navigazione, sono necessari per la fruizione dei servizi web: il loro conferimento \u00e8 automatico, ed \u00e8 obbligatorio per poter aver accesso al sito e ai servizi resi disponibili.<\/p>\n<p><strong>DESTINATARI<\/strong><\/p>\n<p>I dati di natura personale forniti potranno essere comunicati a destinatari opportunamente nominati che tratteranno i dati in qualit\u00e0 di responsabili per il trattamento e\/o in qualit\u00e0 di autorizzati.<\/p>\n<p>In particolare, i dati personali dell\u2019interessato potranno essere comunicati a destinatari appartenenti alle seguenti categorie: autorit\u00e0 competenti per adempimenti di obblighi di; societ\u00e0 di riparazione e\/o manutenzione delle apparecchiature informatiche; societ\u00e0 che gestiscono il sito web e, in generale per consentire ai fornitori di svolgere attivit\u00e0 tecniche e di altro tipo per nostro conto. I nostri fornitori hanno accesso solo ai dati personali che sono necessari per svolgere i propri compiti, si impegnano a non utilizzare i dati per altri scopi e sono tenuti a trattare i dati personali in conformit\u00e0 delle normative vigenti. \u00c8 in ogni caso esclusa la diffusione dei dati personali trattati.<\/p>\n<p>L\u2019elenco completo dei responsabili del trattamento, dei contitolari e degli autorizzati al trattamento dei dati personali pu\u00f2 essere richiesto inviando apposita richiesta all\u2019indirizzo mail amministrazione@colba.it<\/p>\n<p><strong>MODALITA\u2019 DEL TRATTAMENTO E TEMPI DI CONSERVAZIONE<\/strong><\/p>\n<p>Il trattamento viene effettuato mediante strumenti informatici e\/o telematici, con modalit\u00e0 organizzative correlate alle finalit\u00e0 del trattamento come illustrate.<\/p>\n<p>In particolare, i dati personali raccolti sono conservati per un periodo di tempo individuato tenendo conto delle finalit\u00e0 per le quali sono raccolti. I dati personali raccolti per scopi collegati all\u2019esecuzione di un contratto o di misure precontrattuali sono conservati fino alla completa esecuzione del contratto, salvo oneri di legge che prevedano l\u2019archiviazione per periodi di tempo pi\u00f9 lunghi. In particolare, per la finalit\u00e0 di gestione delle richieste di informazioni, assistenza e contatto, i dati relativi alle richieste di informazioni pervenute saranno conservati per 1 anno a decorrere dall\u2019assolvimento della richiesta, anche al fine di gestire compiutamente e agevolmente eventuali richieste ulteriori. Al termine di tale periodo i dati che premettono l\u2019identificazione, anche indiretta, di una persona fisica verranno resi anonimi e mantenuti, in forma di dati aggregati, per fini statistici.<\/p>\n<p>I dati di navigazione non persistono per pi\u00f9 di sette giorni (salve eventuali necessit\u00e0 di accertamento di reati da parte dell\u2019Autorit\u00e0 giudiziaria).<\/p>\n<p>Specifiche misure di sicurezza sono osservate per prevenire la perdita dei dati, usi illeciti o non corretti ed accessi non autorizzati.<\/p>\n<p><strong>DIRITTI DELL\u2019INTERESSATO<\/strong><\/p>\n<p>Ai sensi degli artt. 15 \u2013 22 del Regolamento UE 2016\/679 a ciascun interessato vengono riconosciuti una serie di diritti.<\/p>\n<p>Diritto di Accesso: l\u2019interessato, ai sensi dell\u2019art. 15, ha diritto di ottenere la conferma che sia in corso un trattamento di dati personali che lo riguardano e, se del caso, di ottenerne copia. Ha inoltre il diritto di ottenere l\u2019accesso ai dati personali che lo riguardano e a ulteriori informazioni quali la finalit\u00e0 del trattamento, le categorie di destinatari, il periodo di conservazione dei dati e i diritti esercitabili.<\/p>\n<p>Diritto di rettifica: l\u2019interessato, ai sensi dell\u2019art. 16, ha diritto di ottenere la rettifica dei dati personali inesatti che lo riguardano o l\u2019integrazione degli stessi.<\/p>\n<p>Diritto alla cancellazione: l\u2019interessato ha diritto di ottenere la cancellazione dei dati personali che lo riguardano, senza ingiustificato ritardo, qualora sussista una dei motivi previsti dall\u2019art. 17.<\/p>\n<p>Diritto di limitazione di trattamento: l\u2019interessato ha diritto, nei casi previsti dall\u2019art 18 del Regolamento 2016\/679, di ottenere la limitazione del trattamento.<\/p>\n<p>Diritto alla portabilit\u00e0 dei dati: l\u2019interessato ha diritto di ricevere in un formato strutturato, di uso comune e leggibile da dispositivo automatico, i dati personali che lo riguardano e ha il diritto di trasmettere tali dati a un altro titolare senza impedimento, secondo quanto previsto dall\u2019art. 20 del Regolamento 2016\/679;<\/p>\n<p>Diritto di opposizione al trattamento: l\u2019interessato ha diritto di opporsi al trattamento dei dati personali che lo riguardano secondo quanto previsto dall\u2019art. 21 del Regolamento 2016\/679.<\/p>\n<p>\u00adL\u2019interessato ha altres\u00ec diritto di proporre reclamo all\u2019Autorit\u00e0 di controllo competente, il Garante della Privacy.<\/p>\n<p>Le richieste di cui ai punti precedenti dovranno essere rivolte per iscritto al Titolare del trattamento. Il Titolare del trattamento provveder\u00e0, nei limiti temporali stabiliti dalla vigente normativa, a fornire tempestiva risposta alle richieste di esercizio dei diritti degli interessati.<\/p>\n<p>Ogni delucidazione o richiesta di chiarimenti pu\u00f2 essere rivolta per iscritto al Titolare del trattamento, anche utilizzando apposito modulo presente al link https:\/\/www.garanteprivacy.it\/web\/guest\/home\/docweb\/-\/docweb-display\/docweb\/1089924<\/p>\n<p><strong>AGGIORNAMENTI E MODIFICHE<\/strong><\/p>\n<p>Il Titolare del trattamento si riserva il diritto di modificare, integrare o aggiornare periodicamente la presente Informativa in ossequio alla normativa applicabile o ai provvedimenti adottati dal Garante per la Protezione dei dati personali.<\/p>\n<p>Le suddette modifiche o integrazioni saranno portate a conoscenza degli interessati a mezzo mail e mediante link alla pagina di Privacy Policy presente nel sito web.<\/p>\n<p>Ogni interessato \u00e8 in ogni caso invitato a prendere visione con regolarit\u00e0 della Privacy Policy per verificare l\u2019Informativa aggiornata.<\/p>\n<p>[\/et_pb_text][\/et_pb_column][et_pb_column type=&#8221;1_5&#8243; module_class=&#8221;cc-231-3&#8243; _builder_version=&#8221;4.21.0&#8243; _module_preset=&#8221;default&#8221; custom_padding=&#8221;0px|0px|0px|9px|false|false&#8221; global_colors_info=&#8221;{}&#8221;][et_pb_image src=&#8221;https:\/\/www.colba.it\/wp-content\/uploads\/2023\/07\/boxMini_5Impegni.jpg&#8221; title_text=&#8221;boxMini_5Impegni&#8221; url=&#8221;@ET-DC@eyJkeW5hbWljIjp0cnVlLCJjb250ZW50IjoicG9zdF9saW5rX3VybF9wYWdlIiwic2V0dGluZ3MiOnsicG9zdF9pZCI6IjEwNDUifX0=@&#8221; show_bottom_space=&#8221;off&#8221; disabled_on=&#8221;on|on|off&#8221; admin_label=&#8221;5 Impegni&#8221; _builder_version=&#8221;4.21.0&#8243; _dynamic_attributes=&#8221;url&#8221; _module_preset=&#8221;default&#8221; positioning=&#8221;absolute&#8221; position_origin_a=&#8221;top_right&#8221; horizontal_offset=&#8221;0px&#8221; width=&#8221;100%&#8221; custom_margin=&#8221;0px|0px|9px|0px|false|false&#8221; custom_padding=&#8221;0px|0px|0px|0px|false|false&#8221; hover_enabled=&#8221;0&#8243; global_colors_info=&#8221;{}&#8221; sticky_enabled=&#8221;0&#8243;][\/et_pb_image][et_pb_image src=&#8221;https:\/\/www.colba.it\/wp-content\/uploads\/2023\/07\/boxMini_SistemaTrasparente.jpg&#8221; title_text=&#8221;boxMini_SistemaTrasparente&#8221; url=&#8221;@ET-DC@eyJkeW5hbWljIjp0cnVlLCJjb250ZW50IjoicG9zdF9saW5rX3VybF9wYWdlIiwic2V0dGluZ3MiOnsicG9zdF9pZCI6IjEwNTUifX0=@&#8221; show_bottom_space=&#8221;off&#8221; disabled_on=&#8221;on|on|off&#8221; admin_label=&#8221;Sistema trasparente&#8221; _builder_version=&#8221;4.21.0&#8243; _dynamic_attributes=&#8221;url&#8221; _module_preset=&#8221;default&#8221; positioning=&#8221;absolute&#8221; vertical_offset=&#8221;201px&#8221; horizontal_offset=&#8221;0px&#8221; width=&#8221;100%&#8221; custom_margin=&#8221;0px|0px|9px|0px|false|false&#8221; custom_padding=&#8221;0px|0px|0px|0px|false|false&#8221; global_colors_info=&#8221;{}&#8221;][\/et_pb_image][\/et_pb_column][\/et_pb_row][\/et_pb_section]<\/p>\n","protected":false},"excerpt":{"rendered":"<p>colba wayprivacye dati personaliINFORMATIVA SUL TRATTAMENTO DEI DATI PERSONALI Gentile Utente, la presente informativa viene resa ai sensi dell\u2019art. 13 del Regolamento Europeo 2016\/679 in materia di protezione dei dati personali, tenendo conto della Raccomandazione n. 2\/2001 adottata il 17 Maggio 2001, agli utenti che accedono al sito web http:\/\/www.colba.it\/ ed \u00e8 relativa a tutti [&hellip;]<\/p>\n","protected":false},"author":1,"featured_media":0,"parent":0,"menu_order":0,"comment_status":"closed","ping_status":"closed","template":"","meta":{"_et_pb_use_builder":"on","_et_pb_old_content":"","_et_gb_content_width":"","footnotes":""},"class_list":["post-2264","page","type-page","status-publish","hentry"],"_links":{"self":[{"href":"https:\/\/www.colba.it\/index.php\/wp-json\/wp\/v2\/pages\/2264","targetHints":{"allow":["GET"]}}],"collection":[{"href":"https:\/\/www.colba.it\/index.php\/wp-json\/wp\/v2\/pages"}],"about":[{"href":"https:\/\/www.colba.it\/index.php\/wp-json\/wp\/v2\/types\/page"}],"author":[{"embeddable":true,"href":"https:\/\/www.colba.it\/index.php\/wp-json\/wp\/v2\/users\/1"}],"replies":[{"embeddable":true,"href":"https:\/\/www.colba.it\/index.php\/wp-json\/wp\/v2\/comments?post=2264"}],"version-history":[{"count":3,"href":"https:\/\/www.colba.it\/index.php\/wp-json\/wp\/v2\/pages\/2264\/revisions"}],"predecessor-version":[{"id":2268,"href":"https:\/\/www.colba.it\/index.php\/wp-json\/wp\/v2\/pages\/2264\/revisions\/2268"}],"wp:attachment":[{"href":"https:\/\/www.colba.it\/index.php\/wp-json\/wp\/v2\/media?parent=2264"}],"curies":[{"name":"wp","href":"https:\/\/api.w.org\/{rel}","templated":true}]}}